{"id":1634,"date":"2026-03-27T17:11:52","date_gmt":"2026-03-27T16:11:52","guid":{"rendered":"https:\/\/casino.mapo.dev\/?page_id=1634"},"modified":"2026-03-30T10:38:40","modified_gmt":"2026-03-30T08:38:40","slug":"museo-wagner","status":"publish","type":"page","link":"https:\/\/casino.mapo.dev\/en\/museo-wagner\/","title":{"rendered":"Museo wagner"},"content":{"rendered":"\n<div class=\"hero\">\n    <div class=\"hero__inner\">\n        <div class=\"hero__media\">\n            <figure class=\"media-wrap h-100\">\n                <img decoding=\"async\" src=\"https:\/\/casino.mapo.dev\/wp-content\/uploads\/2026\/03\/hero-museo-wagner.webp\" alt=\"Museo wagner\"\n                     loading=\"lazy\">\n            <\/figure>\n        <\/div>\n\n        <div class=\"hero__content container\">\n            <!-- Sup title -->\n            <div class=\"hero__suptitle\">\n                <div class=\"dot-title fs-xs-monospace\">\n                    CA\u2019 VENDRAMIN CALERGI                <\/div>\n            <\/div>\n\n            <!-- Title -->\n            <h1 class=\"visually-hidden\">Museo wagner<\/h1>\n            <div class=\"hero-title\" aria-hidden=\"true\">Museo wagner<\/div>\n\n            <!-- Sub title -->\n            <div class=\"hero__subtitle fs-xl\">Mostre, pubblicazioni, conferenze, tavole rotonde e concerti.<\/div>\n        <\/div>\n\n        <!-- Animated line -->\n        <div class=\"hero__line\"><\/div>\n    <\/div>\n<\/div>\n\n<ol id=\"breadcrumbs\" class=\"breadcrumb \"><li class=\"breadcrumb-item\"><a href=\"https:\/\/casino.mapo.dev\/en\/\" title=\"Home\">Home<\/a><\/li><\/ol>\n\n\n<div class=\"info-box container mb-space-xxxl\">\n    <!-- Title -->\n    <div class=\"info-box__title h4 text-secondary\">IL MUSEO DI RICHARD WAGNER<\/div>\n\n    \n    <!-- Description -->\n            <div class=\"text-gray-500\">Il 13 febbraio 1995 la stanza del piano mezzanino dove il celebre maestro visse e compose \u00e8 stata affidata dal Comune all&#8217;Associazione Richard Wagner di Venezia, presieduta da Giuseppe Pugliese. Allestita a spazio museale, \u00e8 aperta al pubblico a perenne memoria del musicista e del suo amore per la citt\u00e0 lagunare. Dal 2003 anche le stanze adiacenti sono state adibite a museo, per ospitare la collezione di Josef Lienhart, ricevuta in donazione: rari documenti, manifesti, partiture, lettere autografe, quadri, dischi, litografie e vari cimeli. La pi\u00f9 grande collezione privata dedicata al compositore tedesco, dopo quella di Bayreuth. Un\u00a0luogo appartato, lontano dalle interferenze del mondo. In fuga da affanni quotidiani e tempeste sentimentali, alla ricerca di uno spazio fuori dal tempo in cui far tornare alla luce un&#8217;ispirazione senza nome. Spinto da un impulso alla quiete,\u00a0Richard Wagner individua in Venezia la sua oasi: &#8220;Mi \u00e8 diventato del tutto insopportabile il vivere in citt\u00e0 grandi specie per il rumore delle carrozze che mi rende furioso.\u2028Ora \u00e8 risaputo che Venezia \u00e8 la citt\u00e0 pi\u00f9 tranquilla, vale a dire la meno rumorosa del mondo e questo mi fa decidere assolutamente per essa&#8221;, scrive in una lettera al suocero Franz Liszt prima di giungere per il primo dei sei soggiorni veneziani, nell&#8217;agosto del 1858.\u2028Di ritorno da Palermo, nell&#8217;aprile del 1882, dopo aver completato la partitura del Parsifal per la seconda edizione del Festival di Bayreuth prevista per l&#8217;estate del 1882, subaffitta dal conte Bardi, spesso fuori citt\u00e0, l&#8217;intero piano del mezzanino di Ca&#8217; Vendramin Calergi, di cui prende possesso il 16 settembre, tornando per l&#8217;ultima volta nella citt\u00e0 lagunare. Qui vi trascorre l&#8217;inverno con la famiglia, fino alla morte, avvenuta il 13 febbraio 1883. Oggi alcune stanze del suo appartamento sono adibite a sede museale.<\/div>\n    \n    <!-- Href -->\n    <\/div>\n\n\n<figure class=\"wp-block-image size-large my-space-xl media-wrap\"><img loading=\"lazy\" decoding=\"async\" width=\"1024\" height=\"430\" src=\"https:\/\/casino.mapo.dev\/wp-content\/uploads\/2026\/03\/museo-wagner-1-1024x430.webp\" alt=\"\" class=\"wp-image-1646\" srcset=\"https:\/\/casino.mapo.dev\/wp-content\/uploads\/2026\/03\/museo-wagner-1-1024x430.webp 1024w, https:\/\/casino.mapo.dev\/wp-content\/uploads\/2026\/03\/museo-wagner-1-300x126.webp 300w, https:\/\/casino.mapo.dev\/wp-content\/uploads\/2026\/03\/museo-wagner-1-768x323.webp 768w, https:\/\/casino.mapo.dev\/wp-content\/uploads\/2026\/03\/museo-wagner-1.webp 1440w\" sizes=\"auto, (max-width: 1024px) 100vw, 1024px\" \/><\/figure>\n\n\n\n<div class=\"wp-block-group container my-space-xxl\"><div class=\"wp-block-group__inner-container is-layout-constrained wp-block-group-is-layout-constrained\">\n<div class=\"info-box mb-space-l\">\n    <!-- Title -->\n    <div class=\"info-box__title h4 text-secondary\">ATTIVIT\u00c0 MUSEALI<\/div>\n\n    \n    <!-- Description -->\n            <div class=\"text-gray-500\">Mostre, pubblicazioni, conferenze, tavole rotonde e concerti. L\u2019Associazione Richard Wagner di Venezia cura l\u2019organizzazione di attivit\u00e0 mirate ad approfondire e diffondere la conoscenza e lo studio della vita e dell\u2019opera musicale e letteraria di Richard Wagner attraverso il Centro Europeo di Studi e Ricerche Richard Wagner (C.E.S.R.R.W.), con sede nelle Sale.<\/div>\n    \n    <!-- Href -->\n    <\/div>\n\n\n<div class=\"info-box mb-space-l\">\n    <!-- Title -->\n    <div class=\"info-box__title h4 text-secondary\">CONCERTI<\/div>\n\n    \n    <!-- Description -->\n            <div class=\"text-gray-500\">In collaborazione con il\u00a0Casin\u00f2 di Venezia, la Fondazione La Fenice, l&#8217;Associazione organizza l&#8217;annuale Concerto Omaggio a Richard Wagner, l&#8217;Incontro Musicale con i Borsisti Bayreuth, e il ciclo dei Giovani Concertisti durante le Giornate Wagneriane, dedicate all&#8217;esecuzione di musiche, note e meno note, del Maestro e di autori che ne hanno stimolato la formazione o subito l&#8217;influenza. Un\u00a0ricco calendario\u00a0comprende\u00a0eventi e concerti\u00a0anche nel Salone delle Feste del Casin\u00f2.<\/div>\n    \n    <!-- Href -->\n    <\/div>\n\n\n<div class=\"info-box \">\n    <!-- Title -->\n    <div class=\"info-box__title h4 text-secondary\">VISITE GUIDATE ALLE SALE DI CA&#8217; VENDRAMIN CALERGI<\/div>\n\n    \n    <!-- Description -->\n            <div class=\"text-gray-500\">Aperto esclusivamente su prenotazione anticipata e confermata presso la segreteria dell&#8217;Associazione Richard Wagner di Venezia\u00a0 email:\u00a0arwv@libero.it\/telefono: 338-4164174 (orario d&#8217;ufficio)<\/div>\n    \n    <!-- Href -->\n    <\/div><\/div><\/div>\n\n\n\n<div class=\"wp-block-group container mt-space-xxl\"><div class=\"wp-block-group__inner-container is-layout-constrained wp-block-group-is-layout-constrained\">\n<div class=\"dot-title-row justify-content-center mb-space-m\">\n    <div class=\"dot-title fs-xs-monospace\">MUSEO WAGNER<\/div>\n<\/div>\n\n\n<h3 class=\"wp-block-heading has-text-align-center text-secondary\">FOTOGALLERY<\/h3>\n<\/div><\/div>\n\n\n\n<div class=\"fotogallery carousel\">\n    <div class=\"container\">\n        <swiper-container speed=\"1500\"\n                          space-between=\"24\"\n                          navigation-prev-el=\"#fotogallery-prev\"\n                          navigation-next-el=\"#fotogallery-next\"\n                          pagination-type=\"fraction\"\n                          pagination-el=\"#fotogallery-pagination\"\n                          slides-per-view=\"1\"\n                          breakpoints='{\"768\": {\"slidesPerView\": 1.3}}'\n        >\n                    <\/swiper-container>\n\n        <div class=\"carousel__pagination\">\n            <button id=\"fotogallery-prev\" class=\"carousel-prev rounded-button\" type=\"button\">\n                <span class=\"icon icon--sm ico-arrow-left\"><\/span>\n            <\/button>\n\n            <div id=\"fotogallery-pagination\" class=\"carousel-pagination fs-xs w-auto\"><\/div>\n\n            <button id=\"fotogallery-next\" class=\"carousel-next rounded-button\" type=\"button\">\n                <span class=\"icon icon--sm ico-arrow-right\"><\/span>\n            <\/button>\n        <\/div>\n    <\/div>\n<\/div>","protected":false},"excerpt":{"rendered":"<p>FOTOGALLERY<\/p>\n","protected":false},"author":1,"featured_media":0,"parent":0,"menu_order":0,"comment_status":"closed","ping_status":"closed","template":"","meta":{"_acf_changed":false,"footnotes":""},"class_list":["post-1634","page","type-page","status-publish","hentry"],"acf":[],"yoast_head":"<!-- This site is optimized with the Yoast SEO plugin v27.2 - https:\/\/yoast.com\/product\/yoast-seo-wordpress\/ -->\n<title>Museo wagner - Casin\u00f2 di Venezia<\/title>\n<meta name=\"robots\" content=\"noindex, follow, max-snippet:-1, max-image-preview:large, max-video-preview:-1\" \/>\n<meta property=\"og:locale\" content=\"en_US\" \/>\n<meta property=\"og:type\" content=\"article\" \/>\n<meta property=\"og:title\" content=\"Museo wagner - Casin\u00f2 di Venezia\" \/>\n<meta property=\"og:description\" content=\"FOTOGALLERY\" \/>\n<meta property=\"og:url\" content=\"https:\/\/casino.mapo.dev\/en\/museo-wagner\/\" \/>\n<meta property=\"og:site_name\" content=\"Casin\u00f2 di Venezia\" \/>\n<meta property=\"article:modified_time\" content=\"2026-03-30T08:38:40+00:00\" \/>\n<meta property=\"og:image\" content=\"https:\/\/casino.mapo.dev\/wp-content\/uploads\/2026\/03\/museo-wagner-1-1024x430.webp\" \/>\n<meta name=\"twitter:card\" content=\"summary_large_image\" \/>\n<script type=\"application\/ld+json\" class=\"yoast-schema-graph\">{\"@context\":\"https:\/\/schema.org\",\"@graph\":[{\"@type\":\"WebPage\",\"@id\":\"https:\/\/casino.mapo.dev\/en\/museo-wagner\/\",\"url\":\"https:\/\/casino.mapo.dev\/en\/museo-wagner\/\",\"name\":\"Museo wagner - Casin\u00f2 di Venezia\",\"isPartOf\":{\"@id\":\"https:\/\/casino.mapo.dev\/en\/#website\"},\"primaryImageOfPage\":{\"@id\":\"https:\/\/casino.mapo.dev\/en\/museo-wagner\/#primaryimage\"},\"image\":{\"@id\":\"https:\/\/casino.mapo.dev\/en\/museo-wagner\/#primaryimage\"},\"thumbnailUrl\":\"https:\/\/casino.mapo.dev\/wp-content\/uploads\/2026\/03\/museo-wagner-1-1024x430.webp\",\"datePublished\":\"2026-03-27T16:11:52+00:00\",\"dateModified\":\"2026-03-30T08:38:40+00:00\",\"breadcrumb\":{\"@id\":\"https:\/\/casino.mapo.dev\/en\/museo-wagner\/#breadcrumb\"},\"inLanguage\":\"en-US\",\"potentialAction\":[{\"@type\":\"ReadAction\",\"target\":[\"https:\/\/casino.mapo.dev\/en\/museo-wagner\/\"]}]},{\"@type\":\"ImageObject\",\"inLanguage\":\"en-US\",\"@id\":\"https:\/\/casino.mapo.dev\/en\/museo-wagner\/#primaryimage\",\"url\":\"https:\/\/casino.mapo.dev\/wp-content\/uploads\/2026\/03\/museo-wagner-1-1024x430.webp\",\"contentUrl\":\"https:\/\/casino.mapo.dev\/wp-content\/uploads\/2026\/03\/museo-wagner-1-1024x430.webp\"},{\"@type\":\"BreadcrumbList\",\"@id\":\"https:\/\/casino.mapo.dev\/en\/museo-wagner\/#breadcrumb\",\"itemListElement\":[{\"@type\":\"ListItem\",\"position\":1,\"name\":\"Home\",\"item\":\"https:\/\/casino.mapo.dev\/en\/\"},{\"@type\":\"ListItem\",\"position\":2,\"name\":\"Museo wagner\"}]},{\"@type\":\"WebSite\",\"@id\":\"https:\/\/casino.mapo.dev\/en\/#website\",\"url\":\"https:\/\/casino.mapo.dev\/en\/\",\"name\":\"Casin\u00f2 di Venezia\",\"description\":\"\",\"potentialAction\":[{\"@type\":\"SearchAction\",\"target\":{\"@type\":\"EntryPoint\",\"urlTemplate\":\"https:\/\/casino.mapo.dev\/en\/?s={search_term_string}\"},\"query-input\":{\"@type\":\"PropertyValueSpecification\",\"valueRequired\":true,\"valueName\":\"search_term_string\"}}],\"inLanguage\":\"en-US\"}]}<\/script>\n<!-- \/ Yoast SEO plugin. -->","yoast_head_json":{"title":"Museo wagner - Casin\u00f2 di Venezia","robots":{"index":"noindex","follow":"follow","max-snippet":"max-snippet:-1","max-image-preview":"max-image-preview:large","max-video-preview":"max-video-preview:-1"},"og_locale":"en_US","og_type":"article","og_title":"Museo wagner - Casin\u00f2 di Venezia","og_description":"FOTOGALLERY","og_url":"https:\/\/casino.mapo.dev\/en\/museo-wagner\/","og_site_name":"Casin\u00f2 di Venezia","article_modified_time":"2026-03-30T08:38:40+00:00","og_image":[{"url":"https:\/\/casino.mapo.dev\/wp-content\/uploads\/2026\/03\/museo-wagner-1-1024x430.webp","type":"","width":"","height":""}],"twitter_card":"summary_large_image","schema":{"@context":"https:\/\/schema.org","@graph":[{"@type":"WebPage","@id":"https:\/\/casino.mapo.dev\/en\/museo-wagner\/","url":"https:\/\/casino.mapo.dev\/en\/museo-wagner\/","name":"Museo wagner - Casin\u00f2 di Venezia","isPartOf":{"@id":"https:\/\/casino.mapo.dev\/en\/#website"},"primaryImageOfPage":{"@id":"https:\/\/casino.mapo.dev\/en\/museo-wagner\/#primaryimage"},"image":{"@id":"https:\/\/casino.mapo.dev\/en\/museo-wagner\/#primaryimage"},"thumbnailUrl":"https:\/\/casino.mapo.dev\/wp-content\/uploads\/2026\/03\/museo-wagner-1-1024x430.webp","datePublished":"2026-03-27T16:11:52+00:00","dateModified":"2026-03-30T08:38:40+00:00","breadcrumb":{"@id":"https:\/\/casino.mapo.dev\/en\/museo-wagner\/#breadcrumb"},"inLanguage":"en-US","potentialAction":[{"@type":"ReadAction","target":["https:\/\/casino.mapo.dev\/en\/museo-wagner\/"]}]},{"@type":"ImageObject","inLanguage":"en-US","@id":"https:\/\/casino.mapo.dev\/en\/museo-wagner\/#primaryimage","url":"https:\/\/casino.mapo.dev\/wp-content\/uploads\/2026\/03\/museo-wagner-1-1024x430.webp","contentUrl":"https:\/\/casino.mapo.dev\/wp-content\/uploads\/2026\/03\/museo-wagner-1-1024x430.webp"},{"@type":"BreadcrumbList","@id":"https:\/\/casino.mapo.dev\/en\/museo-wagner\/#breadcrumb","itemListElement":[{"@type":"ListItem","position":1,"name":"Home","item":"https:\/\/casino.mapo.dev\/en\/"},{"@type":"ListItem","position":2,"name":"Museo wagner"}]},{"@type":"WebSite","@id":"https:\/\/casino.mapo.dev\/en\/#website","url":"https:\/\/casino.mapo.dev\/en\/","name":"Casin\u00f2 di Venezia","description":"","potentialAction":[{"@type":"SearchAction","target":{"@type":"EntryPoint","urlTemplate":"https:\/\/casino.mapo.dev\/en\/?s={search_term_string}"},"query-input":{"@type":"PropertyValueSpecification","valueRequired":true,"valueName":"search_term_string"}}],"inLanguage":"en-US"}]}},"_links":{"self":[{"href":"https:\/\/casino.mapo.dev\/en\/wp-json\/wp\/v2\/pages\/1634","targetHints":{"allow":["GET"]}}],"collection":[{"href":"https:\/\/casino.mapo.dev\/en\/wp-json\/wp\/v2\/pages"}],"about":[{"href":"https:\/\/casino.mapo.dev\/en\/wp-json\/wp\/v2\/types\/page"}],"author":[{"embeddable":true,"href":"https:\/\/casino.mapo.dev\/en\/wp-json\/wp\/v2\/users\/1"}],"replies":[{"embeddable":true,"href":"https:\/\/casino.mapo.dev\/en\/wp-json\/wp\/v2\/comments?post=1634"}],"version-history":[{"count":28,"href":"https:\/\/casino.mapo.dev\/en\/wp-json\/wp\/v2\/pages\/1634\/revisions"}],"predecessor-version":[{"id":1677,"href":"https:\/\/casino.mapo.dev\/en\/wp-json\/wp\/v2\/pages\/1634\/revisions\/1677"}],"wp:attachment":[{"href":"https:\/\/casino.mapo.dev\/en\/wp-json\/wp\/v2\/media?parent=1634"}],"curies":[{"name":"wp","href":"https:\/\/api.w.org\/{rel}","templated":true}]}}